{"id":26,"date":"2018-10-25T20:02:16","date_gmt":"2018-10-25T23:02:16","guid":{"rendered":"http:\/\/fhservitec.com.br\/Site\/?page_id=26"},"modified":"2021-07-15T18:20:14","modified_gmt":"2021-07-15T21:20:14","slug":"sobre","status":"publish","type":"page","link":"https:\/\/fhservitec.com.br\/Site\/sobre\/","title":{"rendered":"FH SERVI\u00c7OS T\u00c9CNICOS"},"content":{"rendered":"<p style=\"text-align: left;\">A FH SERVI\u00c7OS T\u00c9CNICOS \u00e9 uma empresa de presta\u00e7\u00e3o de servi\u00e7os em diversas \u00e1reas da arquitetura e engenharias.<br \/>Somos especializados em Lei do Desmonte, atuando em v\u00e1rias cidades de Minas Gerais e outros estados.<\/p>\n<p style=\"text-align: left;\">A Equipe FH \u00e9 formada por engenheiros, arquitetos, t\u00e9cnicos e estagi\u00e1rios al\u00e9m de parceiros de outras \u00e1reas complementares. Nossa Equipe tem por diferencial atendimento personalizado e pr\u00f3ximo ao cliente, tratando cada um como \u00fanico, de acordo com sua necessidade!<\/p>\n<p style=\"text-align: left;\">Atuamos em projetos prediais, industriais, treinamentos, laudos t\u00e9cnicos, per\u00edcias e seguran\u00e7a do trabalho.<br \/>A FH est\u00e1 de portas abertas para receber voc\u00ea e acolher suas necessidades, de forma humana, t\u00e9cnica e respons\u00e1vel!<\/p>\n<p>\u00a0<\/p>\n\n\n<div class=\"wp-block-button aligncenter is-style-outline is-style-outline--1\"><a class=\"wp-block-button__link has-very-dark-gray-color has-luminous-vivid-orange-background-color has-text-color has-background\" href=\"https:\/\/fhservitec.com.br\/Site\/equipe\/\"><strong> CONHE\u00c7A NOSSA EQUIPE<\/strong>! <\/a><\/div>\n","protected":false},"excerpt":{"rendered":"<p>A FH SERVI\u00c7OS T\u00c9CNICOS \u00e9 uma empresa de presta\u00e7\u00e3o de servi\u00e7os em diversas \u00e1reas da arquitetura e engenharias.Somos especializados em Lei do Desmonte, atuando em v\u00e1rias cidades de Minas Gerais e outros estados. A Equipe FH \u00e9 formada por engenheiros, arquitetos, t\u00e9cnicos e estagi\u00e1rios al\u00e9m de parceiros de outras \u00e1reas complementares. Nossa Equipe tem por&hellip; <br \/> <a class=\"read-more\" href=\"https:\/\/fhservitec.com.br\/Site\/sobre\/\">Leia mais<\/a><\/p>\n","protected":false},"author":1,"featured_media":32,"parent":0,"menu_order":0,"comment_status":"closed","ping_status":"closed","template":"","meta":{"jetpack_post_was_ever_published":false,"footnotes":""},"class_list":["post-26","page","type-page","status-publish","has-post-thumbnail","hentry"],"jetpack_sharing_enabled":true,"jetpack_shortlink":"https:\/\/wp.me\/PaUeSc-q","_links":{"self":[{"href":"https:\/\/fhservitec.com.br\/Site\/wp-json\/wp\/v2\/pages\/26","targetHints":{"allow":["GET"]}}],"collection":[{"href":"https:\/\/fhservitec.com.br\/Site\/wp-json\/wp\/v2\/pages"}],"about":[{"href":"https:\/\/fhservitec.com.br\/Site\/wp-json\/wp\/v2\/types\/page"}],"author":[{"embeddable":true,"href":"https:\/\/fhservitec.com.br\/Site\/wp-json\/wp\/v2\/users\/1"}],"replies":[{"embeddable":true,"href":"https:\/\/fhservitec.com.br\/Site\/wp-json\/wp\/v2\/comments?post=26"}],"version-history":[{"count":5,"href":"https:\/\/fhservitec.com.br\/Site\/wp-json\/wp\/v2\/pages\/26\/revisions"}],"predecessor-version":[{"id":846,"href":"https:\/\/fhservitec.com.br\/Site\/wp-json\/wp\/v2\/pages\/26\/revisions\/846"}],"wp:featuredmedia":[{"embeddable":true,"href":"https:\/\/fhservitec.com.br\/Site\/wp-json\/wp\/v2\/media\/32"}],"wp:attachment":[{"href":"https:\/\/fhservitec.com.br\/Site\/wp-json\/wp\/v2\/media?parent=26"}],"curies":[{"name":"wp","href":"https:\/\/api.w.org\/{rel}","templated":true}]}}