{"id":395,"date":"2019-09-03T11:51:27","date_gmt":"2019-09-03T14:51:27","guid":{"rendered":"https:\/\/fhservitec.com.br\/Site\/?page_id=395"},"modified":"2019-09-03T11:57:02","modified_gmt":"2019-09-03T14:57:02","slug":"projetosprediais","status":"publish","type":"page","link":"https:\/\/fhservitec.com.br\/Site\/projetosprediais\/","title":{"rendered":"PROJETOS PREDIAIS"},"content":{"rendered":"\n<div class=\"wp-block-media-text alignwide\" style=\"grid-template-columns:31% auto\"><figure class=\"wp-block-media-text__media\"><img data-recalc-dims=\"1\" loading=\"lazy\" decoding=\"async\" width=\"456\" height=\"679\" src=\"https:\/\/i0.wp.com\/fhservitec.com.br\/Site\/wp-content\/uploads\/2018\/10\/prediais.jpg?resize=456%2C679&#038;ssl=1\" alt=\"\" class=\"wp-image-79\" srcset=\"https:\/\/i0.wp.com\/fhservitec.com.br\/Site\/wp-content\/uploads\/2018\/10\/prediais.jpg?w=456&amp;ssl=1 456w, https:\/\/i0.wp.com\/fhservitec.com.br\/Site\/wp-content\/uploads\/2018\/10\/prediais.jpg?resize=201%2C300&amp;ssl=1 201w\" sizes=\"auto, (max-width: 456px) 100vw, 456px\" \/><\/figure><div class=\"wp-block-media-text__content\">\n<ul class=\"wp-block-list\"><li>Projetos Prediais e compatibiliza\u00e7\u00e3o de projetos.<\/li><li>Projeto Arquitet\u00f4nico, Hidr\u00e1ulico, El\u00e9trico, Dimensionamento de ar condicionado, Instala\u00e7\u00f5es de g\u00e1s; Projeto Estrutural, Projeto de Sistemas de Preven\u00e7\u00e3o e Combate ao Inc\u00eandio e P\u00e2nico.<\/li><li>Acompanhamento e execu\u00e7\u00e3o de obra.<\/li><li>Consultorias t\u00e9cnicas.<\/li><li>Acompanhamento t\u00e9cnico e vistoria peri\u00f3dica de constru\u00e7\u00e3o.<\/li><li>Projeto de arquitetura de interiores e reformas.<\/li><li>Laudos t\u00e9cnicos de conserva\u00e7\u00e3o.<\/li><li>Laudo t\u00e9cnico pericial e de vistoria de im\u00f3veis.<\/li><li>Regulariza\u00e7\u00e3o de im\u00f3veis junto \u00e0 prefeitura.<\/li><li>Projeto de incorpora\u00e7\u00e3o de im\u00f3veis.<\/li><li>Levantamentos para fins de Usucapi\u00e3o.<\/li><li>Levantamentos e memorial descritivos para fins diversos.<\/li><\/ul>\n<\/div><\/div>\n\n\n\n<p><\/p>\n","protected":false},"excerpt":{"rendered":"<p>Projetos Prediais e compatibiliza\u00e7\u00e3o de projetos. Projeto Arquitet\u00f4nico, Hidr\u00e1ulico, El\u00e9trico, Dimensionamento de ar condicionado, Instala\u00e7\u00f5es de g\u00e1s; Projeto Estrutural, Projeto de Sistemas de Preven\u00e7\u00e3o e Combate ao Inc\u00eandio e P\u00e2nico. Acompanhamento e execu\u00e7\u00e3o de obra. Consultorias t\u00e9cnicas. Acompanhamento t\u00e9cnico e vistoria peri\u00f3dica de constru\u00e7\u00e3o. Projeto de arquitetura de interiores e reformas. Laudos t\u00e9cnicos de conserva\u00e7\u00e3o.&hellip; <br \/> <a class=\"read-more\" href=\"https:\/\/fhservitec.com.br\/Site\/projetosprediais\/\">Leia mais<\/a><\/p>\n","protected":false},"author":1,"featured_media":0,"parent":0,"menu_order":0,"comment_status":"closed","ping_status":"closed","template":"page-templates\/page-with-left-sidebar.php","meta":{"jetpack_post_was_ever_published":false,"footnotes":""},"class_list":["post-395","page","type-page","status-publish","hentry"],"jetpack_sharing_enabled":true,"jetpack_shortlink":"https:\/\/wp.me\/PaUeSc-6n","_links":{"self":[{"href":"https:\/\/fhservitec.com.br\/Site\/wp-json\/wp\/v2\/pages\/395","targetHints":{"allow":["GET"]}}],"collection":[{"href":"https:\/\/fhservitec.com.br\/Site\/wp-json\/wp\/v2\/pages"}],"about":[{"href":"https:\/\/fhservitec.com.br\/Site\/wp-json\/wp\/v2\/types\/page"}],"author":[{"embeddable":true,"href":"https:\/\/fhservitec.com.br\/Site\/wp-json\/wp\/v2\/users\/1"}],"replies":[{"embeddable":true,"href":"https:\/\/fhservitec.com.br\/Site\/wp-json\/wp\/v2\/comments?post=395"}],"version-history":[{"count":1,"href":"https:\/\/fhservitec.com.br\/Site\/wp-json\/wp\/v2\/pages\/395\/revisions"}],"predecessor-version":[{"id":398,"href":"https:\/\/fhservitec.com.br\/Site\/wp-json\/wp\/v2\/pages\/395\/revisions\/398"}],"wp:attachment":[{"href":"https:\/\/fhservitec.com.br\/Site\/wp-json\/wp\/v2\/media?parent=395"}],"curies":[{"name":"wp","href":"https:\/\/api.w.org\/{rel}","templated":true}]}}