{"id":410,"date":"2019-09-03T12:36:47","date_gmt":"2019-09-03T15:36:47","guid":{"rendered":"https:\/\/fhservitec.com.br\/Site\/?page_id=410"},"modified":"2019-09-03T13:08:54","modified_gmt":"2019-09-03T16:08:54","slug":"meioambiente","status":"publish","type":"page","link":"https:\/\/fhservitec.com.br\/Site\/meioambiente\/","title":{"rendered":"SA\u00daDE E MEIO AMBIENTE"},"content":{"rendered":"\n<div class=\"wp-block-media-text alignwide\" style=\"grid-template-columns:38% auto\"><figure class=\"wp-block-media-text__media\"><img data-recalc-dims=\"1\" loading=\"lazy\" decoding=\"async\" width=\"388\" height=\"500\" src=\"https:\/\/i0.wp.com\/fhservitec.com.br\/Site\/wp-content\/uploads\/2018\/10\/ambiental.jpg?resize=388%2C500&#038;ssl=1\" alt=\"\" class=\"wp-image-76\" srcset=\"https:\/\/i0.wp.com\/fhservitec.com.br\/Site\/wp-content\/uploads\/2018\/10\/ambiental.jpg?w=388&amp;ssl=1 388w, https:\/\/i0.wp.com\/fhservitec.com.br\/Site\/wp-content\/uploads\/2018\/10\/ambiental.jpg?resize=233%2C300&amp;ssl=1 233w\" sizes=\"auto, (max-width: 388px) 100vw, 388px\" \/><\/figure><div class=\"wp-block-media-text__content\">\n<ul class=\"wp-block-list\"><li>Laudo Licenciamento Ambiental.<\/li><li>Autoriza\u00e7\u00e3o Ambiental de Funcionamento.<\/li><li>Aprova\u00e7\u00e3o de projeto na Vigil\u00e2ncia Sanit\u00e1ria de Belo Horizonte.<\/li><li>Registro no CNES.<\/li><li>Projetos PRECEND A e B para COPASA<\/li><\/ul>\n<\/div><\/div>\n","protected":false},"excerpt":{"rendered":"<p>Laudo Licenciamento Ambiental. Autoriza\u00e7\u00e3o Ambiental de Funcionamento. Aprova\u00e7\u00e3o de projeto na Vigil\u00e2ncia Sanit\u00e1ria de Belo Horizonte. Registro no CNES. Projetos PRECEND A e B para COPASA<\/p>\n","protected":false},"author":1,"featured_media":0,"parent":0,"menu_order":0,"comment_status":"closed","ping_status":"closed","template":"","meta":{"jetpack_post_was_ever_published":false,"footnotes":""},"class_list":["post-410","page","type-page","status-publish","hentry"],"jetpack_sharing_enabled":true,"jetpack_shortlink":"https:\/\/wp.me\/PaUeSc-6C","_links":{"self":[{"href":"https:\/\/fhservitec.com.br\/Site\/wp-json\/wp\/v2\/pages\/410","targetHints":{"allow":["GET"]}}],"collection":[{"href":"https:\/\/fhservitec.com.br\/Site\/wp-json\/wp\/v2\/pages"}],"about":[{"href":"https:\/\/fhservitec.com.br\/Site\/wp-json\/wp\/v2\/types\/page"}],"author":[{"embeddable":true,"href":"https:\/\/fhservitec.com.br\/Site\/wp-json\/wp\/v2\/users\/1"}],"replies":[{"embeddable":true,"href":"https:\/\/fhservitec.com.br\/Site\/wp-json\/wp\/v2\/comments?post=410"}],"version-history":[{"count":1,"href":"https:\/\/fhservitec.com.br\/Site\/wp-json\/wp\/v2\/pages\/410\/revisions"}],"predecessor-version":[{"id":411,"href":"https:\/\/fhservitec.com.br\/Site\/wp-json\/wp\/v2\/pages\/410\/revisions\/411"}],"wp:attachment":[{"href":"https:\/\/fhservitec.com.br\/Site\/wp-json\/wp\/v2\/media?parent=410"}],"curies":[{"name":"wp","href":"https:\/\/api.w.org\/{rel}","templated":true}]}}