{"id":413,"date":"2019-09-03T12:46:04","date_gmt":"2019-09-03T15:46:04","guid":{"rendered":"https:\/\/fhservitec.com.br\/Site\/?page_id=413"},"modified":"2019-09-03T13:07:50","modified_gmt":"2019-09-03T16:07:50","slug":"segurancadotrabalho","status":"publish","type":"page","link":"https:\/\/fhservitec.com.br\/Site\/segurancadotrabalho\/","title":{"rendered":"PER\u00cdCIA E SEGURAN\u00c7A DO TRABALHO"},"content":{"rendered":"\n<div class=\"wp-block-media-text alignwide\" style=\"grid-template-columns:34% auto\"><figure class=\"wp-block-media-text__media\"><img data-recalc-dims=\"1\" loading=\"lazy\" decoding=\"async\" width=\"448\" height=\"500\" src=\"https:\/\/i0.wp.com\/fhservitec.com.br\/Site\/wp-content\/uploads\/2018\/10\/seg-traba.jpg?resize=448%2C500&#038;ssl=1\" alt=\"\" class=\"wp-image-80\" srcset=\"https:\/\/i0.wp.com\/fhservitec.com.br\/Site\/wp-content\/uploads\/2018\/10\/seg-traba.jpg?w=448&amp;ssl=1 448w, https:\/\/i0.wp.com\/fhservitec.com.br\/Site\/wp-content\/uploads\/2018\/10\/seg-traba.jpg?resize=269%2C300&amp;ssl=1 269w\" sizes=\"auto, (max-width: 448px) 100vw, 448px\" \/><\/figure><div class=\"wp-block-media-text__content\">\n<ul class=\"wp-block-list\"><li>Treinamento, qualifica\u00e7\u00e3o e avalia\u00e7\u00e3o equipes de trabalho nas NR&#8217;s 12, 13, 17, 21, 24, 33, 35 e 36 com cargas hor\u00e1rias compat\u00edveis com as demandas de cada empresa e atividade.<\/li><li>Treinamento, implanta\u00e7\u00e3o e avalia\u00e7\u00e3o para auditoria dos programas PPRA, PCMAT, PGRS, PGRSS e PSCIP.<\/li><li>Elabora\u00e7\u00e3o e planejamento de estrat\u00e9gias para implementa\u00e7\u00e3o de NR&#8217;s.<\/li><li>Investiga\u00e7\u00e3o, an\u00e1lise e per\u00edcia de acidentes.<\/li><\/ul>\n<\/div><\/div>\n","protected":false},"excerpt":{"rendered":"<p>Treinamento, qualifica\u00e7\u00e3o e avalia\u00e7\u00e3o equipes de trabalho nas NR&#8217;s 12, 13, 17, 21, 24, 33, 35 e 36 com cargas hor\u00e1rias compat\u00edveis com as demandas de cada empresa e atividade. Treinamento, implanta\u00e7\u00e3o e avalia\u00e7\u00e3o para auditoria dos programas PPRA, PCMAT, PGRS, PGRSS e PSCIP. Elabora\u00e7\u00e3o e planejamento de estrat\u00e9gias para implementa\u00e7\u00e3o de NR&#8217;s. Investiga\u00e7\u00e3o, an\u00e1lise&hellip; <br \/> <a class=\"read-more\" href=\"https:\/\/fhservitec.com.br\/Site\/segurancadotrabalho\/\">Leia mais<\/a><\/p>\n","protected":false},"author":1,"featured_media":0,"parent":0,"menu_order":0,"comment_status":"closed","ping_status":"closed","template":"","meta":{"jetpack_post_was_ever_published":false,"footnotes":""},"class_list":["post-413","page","type-page","status-publish","hentry"],"jetpack_sharing_enabled":true,"jetpack_shortlink":"https:\/\/wp.me\/PaUeSc-6F","_links":{"self":[{"href":"https:\/\/fhservitec.com.br\/Site\/wp-json\/wp\/v2\/pages\/413","targetHints":{"allow":["GET"]}}],"collection":[{"href":"https:\/\/fhservitec.com.br\/Site\/wp-json\/wp\/v2\/pages"}],"about":[{"href":"https:\/\/fhservitec.com.br\/Site\/wp-json\/wp\/v2\/types\/page"}],"author":[{"embeddable":true,"href":"https:\/\/fhservitec.com.br\/Site\/wp-json\/wp\/v2\/users\/1"}],"replies":[{"embeddable":true,"href":"https:\/\/fhservitec.com.br\/Site\/wp-json\/wp\/v2\/comments?post=413"}],"version-history":[{"count":1,"href":"https:\/\/fhservitec.com.br\/Site\/wp-json\/wp\/v2\/pages\/413\/revisions"}],"predecessor-version":[{"id":416,"href":"https:\/\/fhservitec.com.br\/Site\/wp-json\/wp\/v2\/pages\/413\/revisions\/416"}],"wp:attachment":[{"href":"https:\/\/fhservitec.com.br\/Site\/wp-json\/wp\/v2\/media?parent=413"}],"curies":[{"name":"wp","href":"https:\/\/api.w.org\/{rel}","templated":true}]}}