{"id":55,"date":"2018-10-29T14:22:03","date_gmt":"2018-10-29T17:22:03","guid":{"rendered":"http:\/\/fhservitec.com.br\/Site\/?page_id=55"},"modified":"2019-09-03T15:39:04","modified_gmt":"2019-09-03T18:39:04","slug":"servicos-e-projetos","status":"publish","type":"page","link":"https:\/\/fhservitec.com.br\/Site\/servicos-e-projetos\/","title":{"rendered":"SERVI\u00c7OS E PROJETOS"},"content":{"rendered":"\n<p style=\"text-align:center\" class=\"has-medium-font-size\">Clique e conhe\u00e7a um pouco sobre projetos e servi\u00e7os prestados pela<br>FH SERVI\u00c7OS T\u00c9CNICOS.<\/p>\n\n\n\n<div class=\"wp-block-button aligncenter is-style-squared\"><a class=\"wp-block-button__link has-background has-vivid-red-background-color\" href=\"https:\/\/fhservitec.com.br\/Site\/veiculos\/\">VE\u00cdCULOS E CADASTRO NO DETRAN<\/a><\/div>\n\n\n\n<div class=\"wp-block-button aligncenter is-style-squared\"><a class=\"wp-block-button__link has-background has-luminous-vivid-orange-background-color\" href=\"https:\/\/fhservitec.com.br\/Site\/projetosprediais\/\">PROJETOS PREDIAIS<\/a><\/div>\n\n\n\n<div class=\"wp-block-button aligncenter is-style-squared\"><a class=\"wp-block-button__link\" href=\"https:\/\/fhservitec.com.br\/Site\/industria\/\">INDUSTRIAIS<\/a><\/div>\n\n\n\n<div class=\"wp-block-button aligncenter is-style-squared\"><a class=\"wp-block-button__link has-background has-vivid-green-cyan-background-color\" href=\"https:\/\/fhservitec.com.br\/Site\/meioambiente\/\">SA\u00daDE E  MEIO AMBIENTE<\/a><\/div>\n\n\n\n<div class=\"wp-block-button aligncenter is-style-squared\"><a class=\"wp-block-button__link has-text-color has-very-dark-gray-color has-background has-luminous-vivid-amber-background-color\" href=\"https:\/\/fhservitec.com.br\/Site\/segurancadotrabalho\/\">PER\u00cdCIA E SEGURAN\u00c7A DO TRABALHO<\/a><\/div>\n","protected":false},"excerpt":{"rendered":"<p>Clique e conhe\u00e7a um pouco sobre projetos e servi\u00e7os prestados pelaFH SERVI\u00c7OS T\u00c9CNICOS.<\/p>\n","protected":false},"author":1,"featured_media":0,"parent":0,"menu_order":0,"comment_status":"closed","ping_status":"closed","template":"","meta":{"jetpack_post_was_ever_published":false,"footnotes":""},"class_list":["post-55","page","type-page","status-publish","hentry"],"jetpack_sharing_enabled":true,"jetpack_shortlink":"https:\/\/wp.me\/PaUeSc-T","_links":{"self":[{"href":"https:\/\/fhservitec.com.br\/Site\/wp-json\/wp\/v2\/pages\/55","targetHints":{"allow":["GET"]}}],"collection":[{"href":"https:\/\/fhservitec.com.br\/Site\/wp-json\/wp\/v2\/pages"}],"about":[{"href":"https:\/\/fhservitec.com.br\/Site\/wp-json\/wp\/v2\/types\/page"}],"author":[{"embeddable":true,"href":"https:\/\/fhservitec.com.br\/Site\/wp-json\/wp\/v2\/users\/1"}],"replies":[{"embeddable":true,"href":"https:\/\/fhservitec.com.br\/Site\/wp-json\/wp\/v2\/comments?post=55"}],"version-history":[{"count":9,"href":"https:\/\/fhservitec.com.br\/Site\/wp-json\/wp\/v2\/pages\/55\/revisions"}],"predecessor-version":[{"id":451,"href":"https:\/\/fhservitec.com.br\/Site\/wp-json\/wp\/v2\/pages\/55\/revisions\/451"}],"wp:attachment":[{"href":"https:\/\/fhservitec.com.br\/Site\/wp-json\/wp\/v2\/media?parent=55"}],"curies":[{"name":"wp","href":"https:\/\/api.w.org\/{rel}","templated":true}]}}