{"id":579,"date":"2019-11-29T17:19:32","date_gmt":"2019-11-29T20:19:32","guid":{"rendered":"https:\/\/fhservitec.com.br\/Site\/?page_id=579"},"modified":"2019-12-17T15:42:31","modified_gmt":"2019-12-17T18:42:31","slug":"agendamento-de-vistoria-predial","status":"publish","type":"page","link":"https:\/\/fhservitec.com.br\/Site\/agendamento-de-vistoria-predial\/","title":{"rendered":"AGENDAMENTO DE VISTORIA PREDIAL"},"content":{"rendered":"\n<div class=\"wp-block-themeisle-blocks-advanced-columns has-1-columns has-desktop-equal-layout has-tablet-equal-layout has-mobile-equal-layout has-default-gap has-vertical-unset\" id=\"wp-block-themeisle-blocks-advanced-columns-f7b1ce8c\" style=\"border-width:0px;border-style:solid;border-color:#000000;border-radius:0px;justify-content:unset\"><div class=\"wp-themeisle-block-overlay\" style=\"opacity:0.5;mix-blend-mode:normal\"><\/div><div class=\"innerblocks-wrap\">\n<div class=\"wp-block-themeisle-blocks-advanced-column\" id=\"wp-block-themeisle-blocks-advanced-column-d767b3d9\" style=\"border-width:0px;border-style:solid;border-color:#000000;border-radius:0px\">\n<div class=\"wpforms-container wpforms-container-full\" id=\"wpforms-575\"><form id=\"wpforms-form-575\" class=\"wpforms-validate wpforms-form\" data-formid=\"575\" method=\"post\" enctype=\"multipart\/form-data\" action=\"\/Site\/wp-json\/wp\/v2\/pages\/579\" data-token=\"867812dc4a5f0f23c4d4290660591f5f\" data-token-time=\"1777493184\"><noscript class=\"wpforms-error-noscript\">Ative o JavaScript no seu navegador para preencher este formul\u00e1rio.<\/noscript><div class=\"wpforms-field-container\"><div id=\"wpforms-575-field_17-container\" class=\"wpforms-field wpforms-field-checkbox wpforms-list-2-columns\" data-field-id=\"17\"><label class=\"wpforms-field-label\">Tipo de solicita\u00e7\u00e3o <span class=\"wpforms-required-label\">*<\/span><\/label><ul id=\"wpforms-575-field_17\" class=\"wpforms-field-required\"><li class=\"choice-1 depth-1\"><input type=\"checkbox\" id=\"wpforms-575-field_17_1\" name=\"wpforms[fields][17][]\" value=\"Aluguel - entrada\" required ><label class=\"wpforms-field-label-inline\" for=\"wpforms-575-field_17_1\">Aluguel - entrada<\/label><\/li><li class=\"choice-2 depth-1\"><input type=\"checkbox\" id=\"wpforms-575-field_17_2\" name=\"wpforms[fields][17][]\" value=\"Devolu\u00e7\u00e3o de Im\u00f3vel alugado\" required ><label class=\"wpforms-field-label-inline\" for=\"wpforms-575-field_17_2\">Devolu\u00e7\u00e3o de Im\u00f3vel alugado<\/label><\/li><li class=\"choice-3 depth-1\"><input type=\"checkbox\" id=\"wpforms-575-field_17_3\" name=\"wpforms[fields][17][]\" value=\"Compra de im\u00f3vel\" required ><label class=\"wpforms-field-label-inline\" for=\"wpforms-575-field_17_3\">Compra de im\u00f3vel<\/label><\/li><li class=\"choice-4 depth-1\"><input type=\"checkbox\" id=\"wpforms-575-field_17_4\" name=\"wpforms[fields][17][]\" value=\"Sinistro\/Seguros\" required ><label class=\"wpforms-field-label-inline\" for=\"wpforms-575-field_17_4\">Sinistro\/Seguros<\/label><\/li><li class=\"choice-5 depth-1\"><input type=\"checkbox\" id=\"wpforms-575-field_17_5\" name=\"wpforms[fields][17][]\" value=\"Per\u00edcia\" required ><label class=\"wpforms-field-label-inline\" for=\"wpforms-575-field_17_5\">Per\u00edcia<\/label><\/li><li class=\"choice-6 depth-1\"><input type=\"checkbox\" id=\"wpforms-575-field_17_6\" name=\"wpforms[fields][17][]\" value=\"Outros\" required ><label class=\"wpforms-field-label-inline\" for=\"wpforms-575-field_17_6\">Outros<\/label><\/li><\/ul><\/div><div id=\"wpforms-575-field_0-container\" class=\"wpforms-field wpforms-field-name\" data-field-id=\"0\"><label class=\"wpforms-field-label\" for=\"wpforms-575-field_0\">Nome ou Empresa <span class=\"wpforms-required-label\">*<\/span><\/label><input type=\"text\" id=\"wpforms-575-field_0\" class=\"wpforms-field-large wpforms-field-required\" name=\"wpforms[fields][0]\" required><\/div><div id=\"wpforms-575-field_19-container\" class=\"wpforms-field wpforms-field-select\" data-field-id=\"19\"><label class=\"wpforms-field-label\" for=\"wpforms-575-field_19\">Cidade<\/label><select id=\"wpforms-575-field_19\" class=\"wpforms-field-medium\" name=\"wpforms[fields][19]\"><option value=\"Belo Horizonte\/MG\"  class=\"choice-1 depth-1\"  >Belo Horizonte\/MG<\/option><option value=\"Contagem\/MG\"  class=\"choice-2 depth-1\"  >Contagem\/MG<\/option><option value=\"Betim\/MG\"  class=\"choice-3 depth-1\"  >Betim\/MG<\/option><option value=\"Santa Luzia\/MG\"  class=\"choice-4 depth-1\"  >Santa Luzia\/MG<\/option><option value=\"S\u00e3o Jos\u00e9 da Lapa\/MG\"  class=\"choice-5 depth-1\"  >S\u00e3o Jos\u00e9 da Lapa\/MG<\/option><option value=\"Vespasiano\/MG\"  class=\"choice-6 depth-1\"  >Vespasiano\/MG<\/option><option value=\"Pedro Leopoldo\/MG\"  class=\"choice-7 depth-1\"  >Pedro Leopoldo\/MG<\/option><option value=\"Ribeir\u00e3o das Neves\/MG\"  class=\"choice-8 depth-1\"  >Ribeir\u00e3o das Neves\/MG<\/option><option value=\"Confins\/MG\"  class=\"choice-9 depth-1\"  >Confins\/MG<\/option><option value=\"Ibirit\u00e9\/MG\"  class=\"choice-10 depth-1\"  >Ibirit\u00e9\/MG<\/option><option value=\"Outra cidades \"  class=\"choice-11 depth-1\"  >Outra cidades<\/option><\/select><\/div><div id=\"wpforms-575-field_3-container\" class=\"wpforms-field wpforms-field-text\" data-field-id=\"3\"><label class=\"wpforms-field-label\" for=\"wpforms-575-field_3\">Bairro <span class=\"wpforms-required-label\">*<\/span><\/label><input type=\"text\" id=\"wpforms-575-field_3\" class=\"wpforms-field-medium wpforms-field-required\" name=\"wpforms[fields][3]\" required><\/div><div id=\"wpforms-575-field_5-container\" class=\"wpforms-field wpforms-field-number\" data-field-id=\"5\"><label class=\"wpforms-field-label\" for=\"wpforms-575-field_5\">Telefone de Contato <span class=\"wpforms-required-label\">*<\/span><\/label><input type=\"number\" id=\"wpforms-575-field_5\" class=\"wpforms-field-medium wpforms-field-required\" name=\"wpforms[fields][5]\" step=\"any\" required><\/div><div id=\"wpforms-575-field_4-container\" class=\"wpforms-field wpforms-field-number\" data-field-id=\"4\"><label class=\"wpforms-field-label\" for=\"wpforms-575-field_4\">CNPJ \/ CPF<\/label><input type=\"number\" id=\"wpforms-575-field_4\" class=\"wpforms-field-medium\" name=\"wpforms[fields][4]\" step=\"any\" ><\/div><div id=\"wpforms-575-field_1-container\" class=\"wpforms-field wpforms-field-email\" data-field-id=\"1\"><label class=\"wpforms-field-label\" for=\"wpforms-575-field_1\">Email<\/label><input type=\"email\" id=\"wpforms-575-field_1\" class=\"wpforms-field-large\" name=\"wpforms[fields][1]\" spellcheck=\"false\" ><\/div><div id=\"wpforms-575-field_22-container\" class=\"wpforms-field wpforms-field-text\" data-field-id=\"22\"><label class=\"wpforms-field-label\" for=\"wpforms-575-field_22\">Data sugerida para a vistoria:<\/label><input type=\"text\" id=\"wpforms-575-field_22\" class=\"wpforms-field-medium\" name=\"wpforms[fields][22]\" ><\/div><div id=\"wpforms-575-field_24-container\" class=\"wpforms-field wpforms-field-checkbox wpforms-list-2-columns\" data-field-id=\"24\"><label class=\"wpforms-field-label\">Tipo de im\u00f3vel <span class=\"wpforms-required-label\">*<\/span><\/label><ul id=\"wpforms-575-field_24\" class=\"wpforms-field-required\"><li class=\"choice-1 depth-1\"><input type=\"checkbox\" id=\"wpforms-575-field_24_1\" name=\"wpforms[fields][24][]\" value=\"Comercial\" required ><label class=\"wpforms-field-label-inline\" for=\"wpforms-575-field_24_1\">Comercial<\/label><\/li><li class=\"choice-2 depth-1\"><input type=\"checkbox\" id=\"wpforms-575-field_24_2\" name=\"wpforms[fields][24][]\" value=\"Residencial\" required ><label class=\"wpforms-field-label-inline\" for=\"wpforms-575-field_24_2\">Residencial<\/label><\/li><li class=\"choice-3 depth-1\"><input type=\"checkbox\" id=\"wpforms-575-field_24_3\" name=\"wpforms[fields][24][]\" value=\"Industrial\" required ><label class=\"wpforms-field-label-inline\" for=\"wpforms-575-field_24_3\">Industrial<\/label><\/li><li class=\"choice-4 depth-1\"><input type=\"checkbox\" id=\"wpforms-575-field_24_4\" name=\"wpforms[fields][24][]\" value=\"Misto\" required ><label class=\"wpforms-field-label-inline\" for=\"wpforms-575-field_24_4\">Misto<\/label><\/li><\/ul><\/div><div id=\"wpforms-575-field_21-container\" class=\"wpforms-field wpforms-field-number\" data-field-id=\"21\"><label class=\"wpforms-field-label\" for=\"wpforms-575-field_21\">\u00c1rea  constru\u00edda do im\u00f3vel aproximada, em m\u00b2 <span class=\"wpforms-required-label\">*<\/span><\/label><input type=\"number\" id=\"wpforms-575-field_21\" class=\"wpforms-field-medium wpforms-field-required\" name=\"wpforms[fields][21]\" step=\"any\" required><\/div><div id=\"wpforms-575-field_25-container\" class=\"wpforms-field wpforms-field-checkbox wpforms-list-2-columns\" data-field-id=\"25\"><label class=\"wpforms-field-label\">Adicionais<\/label><ul id=\"wpforms-575-field_25\"><li class=\"choice-1 depth-1\"><input type=\"checkbox\" id=\"wpforms-575-field_25_1\" name=\"wpforms[fields][25][]\" value=\"Piscina\"  ><label class=\"wpforms-field-label-inline\" for=\"wpforms-575-field_25_1\">Piscina<\/label><\/li><li class=\"choice-2 depth-1\"><input type=\"checkbox\" id=\"wpforms-575-field_25_2\" name=\"wpforms[fields][25][]\" value=\"\u00c1rea de descontamina\u00e7\u00e3o\"  ><label class=\"wpforms-field-label-inline\" for=\"wpforms-575-field_25_2\">\u00c1rea de descontamina\u00e7\u00e3o<\/label><\/li><li class=\"choice-3 depth-1\"><input type=\"checkbox\" id=\"wpforms-575-field_25_3\" name=\"wpforms[fields][25][]\" value=\"Estoque\"  ><label class=\"wpforms-field-label-inline\" for=\"wpforms-575-field_25_3\">Estoque<\/label><\/li><li class=\"choice-4 depth-1\"><input type=\"checkbox\" id=\"wpforms-575-field_25_4\" name=\"wpforms[fields][25][]\" value=\"Jardim\"  ><label class=\"wpforms-field-label-inline\" for=\"wpforms-575-field_25_4\">Jardim<\/label><\/li><li class=\"choice-5 depth-1\"><input type=\"checkbox\" id=\"wpforms-575-field_25_5\" name=\"wpforms[fields][25][]\" value=\"Quadra(s)\"  ><label class=\"wpforms-field-label-inline\" for=\"wpforms-575-field_25_5\">Quadra(s)<\/label><\/li><li class=\"choice-8 depth-1\"><input type=\"checkbox\" id=\"wpforms-575-field_25_8\" name=\"wpforms[fields][25][]\" value=\"\u00c1rea externa at\u00e9 360m\u00b2\"  ><label class=\"wpforms-field-label-inline\" for=\"wpforms-575-field_25_8\">\u00c1rea externa at\u00e9 360m\u00b2<\/label><\/li><li class=\"choice-7 depth-1\"><input type=\"checkbox\" id=\"wpforms-575-field_25_7\" name=\"wpforms[fields][25][]\" value=\"\u00c1rea externa entre 360m\u00b2 e 1.000m\u00b2\"  ><label class=\"wpforms-field-label-inline\" for=\"wpforms-575-field_25_7\">\u00c1rea externa entre 360m\u00b2 e 1.000m\u00b2<\/label><\/li><li class=\"choice-6 depth-1\"><input type=\"checkbox\" id=\"wpforms-575-field_25_6\" name=\"wpforms[fields][25][]\" value=\"\u00c1rea externa entre 1.000m\u00b2 e 1.500m\u00b2\"  ><label class=\"wpforms-field-label-inline\" for=\"wpforms-575-field_25_6\">\u00c1rea externa entre 1.000m\u00b2 e 1.500m\u00b2<\/label><\/li><li class=\"choice-9 depth-1\"><input type=\"checkbox\" id=\"wpforms-575-field_25_9\" name=\"wpforms[fields][25][]\" value=\"\u00c1rea externa acima de 1.500m\u00b2\"  ><label class=\"wpforms-field-label-inline\" for=\"wpforms-575-field_25_9\">\u00c1rea externa acima de 1.500m\u00b2<\/label><\/li><\/ul><\/div><div id=\"wpforms-575-field_23-container\" class=\"wpforms-field wpforms-field-text\" data-field-id=\"23\"><label class=\"wpforms-field-label\" for=\"wpforms-575-field_23\">OBSERVA\u00c7\u00d5ES\/ DESCRI\u00c7\u00c3O<\/label><input type=\"text\" id=\"wpforms-575-field_23\" class=\"wpforms-field-large\" name=\"wpforms[fields][23]\" ><\/div><div id=\"wpforms-575-field_12-container\" class=\"wpforms-field wpforms-field-checkbox\" data-field-id=\"12\"><label class=\"wpforms-field-label\">Estou ciente que: <span class=\"wpforms-required-label\">*<\/span><\/label><ul id=\"wpforms-575-field_12\" class=\"wpforms-field-required\"><li class=\"choice-1 depth-1\"><input type=\"checkbox\" id=\"wpforms-575-field_12_1\" name=\"wpforms[fields][12][]\" value=\"O agendamento ser\u00e1 confirmado por e-mail em at\u00e9 48h \u00fateis. O preenchimento deste formul\u00e1rio n\u00e3o implica o agendamento da data requerida. As vistorias para laudo devem ser agendadas com no m\u00ednimo 48h \u00fateis de anteced\u00eancia, e est\u00e3o sujeitas \u00e0 disponibilidade da equipe para a regi\u00e3o ou contratual. O prazo de elabora\u00e7\u00e3o do laudo \u00e9 de at\u00e9 5 dias \u00fateis ap\u00f3s a vistoria ou conforme contrato estabelecido. O respons\u00e1vel t\u00e9cnico n\u00e3o \u00e9 respons\u00e1vel pelos danos posteriores \u00e0 vistoria ou prazos fora do pr\u00e9-estabelecido, cabendo ao contratante o aviso pr\u00e9vio e o agendamento para que n\u00e3o haja atrasos nos prazos que o estabelecimento possui. \" required ><label class=\"wpforms-field-label-inline\" for=\"wpforms-575-field_12_1\">O agendamento ser\u00e1 confirmado por e-mail em at\u00e9 48h \u00fateis. O preenchimento deste formul\u00e1rio n\u00e3o implica o agendamento da data requerida. As vistorias para laudo devem ser agendadas com no m\u00ednimo 48h \u00fateis de anteced\u00eancia, e est\u00e3o sujeitas \u00e0 disponibilidade da equipe para a regi\u00e3o ou contratual. O prazo de elabora\u00e7\u00e3o do laudo \u00e9 de at\u00e9 5 dias \u00fateis ap\u00f3s a vistoria ou conforme contrato estabelecido. O respons\u00e1vel t\u00e9cnico n\u00e3o \u00e9 respons\u00e1vel pelos danos posteriores \u00e0 vistoria ou prazos fora do pr\u00e9-estabelecido, cabendo ao contratante o aviso pr\u00e9vio e o agendamento para que n\u00e3o haja atrasos nos prazos que o estabelecimento possui.<\/label><\/li><\/ul><\/div><\/div><!-- .wpforms-field-container --><div class=\"wpforms-field wpforms-field-hp\"><label for=\"wpforms-575-field-hp\" class=\"wpforms-field-label\">Phone<\/label><input type=\"text\" name=\"wpforms[hp]\" id=\"wpforms-575-field-hp\" class=\"wpforms-field-medium\"><\/div><div class=\"wpforms-submit-container\" ><input type=\"hidden\" name=\"wpforms[id]\" value=\"575\"><input type=\"hidden\" name=\"page_title\" value=\"\"><input type=\"hidden\" name=\"page_url\" value=\"https:\/\/fhservitec.com.br\/Site\/wp-json\/wp\/v2\/pages\/579\"><input type=\"hidden\" name=\"url_referer\" value=\"\"><button type=\"submit\" name=\"wpforms[submit]\" id=\"wpforms-submit-575\" class=\"wpforms-submit button color1\" data-alt-text=\"Enviando...\" data-submit-text=\"Enviar\" aria-live=\"assertive\" value=\"wpforms-submit\">Enviar<\/button><\/div><\/form><\/div>  <!-- .wpforms-container -->\n<\/div>\n<\/div><\/div>\n","protected":false},"excerpt":{"rendered":"","protected":false},"author":1,"featured_media":0,"parent":0,"menu_order":0,"comment_status":"closed","ping_status":"closed","template":"","meta":{"jetpack_post_was_ever_published":false,"footnotes":""},"class_list":["post-579","page","type-page","status-publish","hentry"],"jetpack_sharing_enabled":true,"jetpack_shortlink":"https:\/\/wp.me\/PaUeSc-9l","_links":{"self":[{"href":"https:\/\/fhservitec.com.br\/Site\/wp-json\/wp\/v2\/pages\/579","targetHints":{"allow":["GET"]}}],"collection":[{"href":"https:\/\/fhservitec.com.br\/Site\/wp-json\/wp\/v2\/pages"}],"about":[{"href":"https:\/\/fhservitec.com.br\/Site\/wp-json\/wp\/v2\/types\/page"}],"author":[{"embeddable":true,"href":"https:\/\/fhservitec.com.br\/Site\/wp-json\/wp\/v2\/users\/1"}],"replies":[{"embeddable":true,"href":"https:\/\/fhservitec.com.br\/Site\/wp-json\/wp\/v2\/comments?post=579"}],"version-history":[{"count":4,"href":"https:\/\/fhservitec.com.br\/Site\/wp-json\/wp\/v2\/pages\/579\/revisions"}],"predecessor-version":[{"id":597,"href":"https:\/\/fhservitec.com.br\/Site\/wp-json\/wp\/v2\/pages\/579\/revisions\/597"}],"wp:attachment":[{"href":"https:\/\/fhservitec.com.br\/Site\/wp-json\/wp\/v2\/media?parent=579"}],"curies":[{"name":"wp","href":"https:\/\/api.w.org\/{rel}","templated":true}]}}