{"id":618,"date":"2020-02-07T16:14:06","date_gmt":"2020-02-07T19:14:06","guid":{"rendered":"https:\/\/fhservitec.com.br\/Site\/?page_id=618"},"modified":"2022-08-29T16:33:42","modified_gmt":"2022-08-29T19:33:42","slug":"pacotes-de-servicos-para-desmontes","status":"publish","type":"page","link":"https:\/\/fhservitec.com.br\/Site\/pacotes-de-servicos-para-desmontes\/","title":{"rendered":"PACOTES DE SERVI\u00c7OS PARA DESMONTES"},"content":{"rendered":"\n<div class=\"wp-block-columns is-layout-flex wp-container-core-columns-is-layout-9d6595d7 wp-block-columns-is-layout-flex\">\n<div class=\"wp-block-column is-layout-flow wp-block-column-is-layout-flow\" style=\"flex-basis:33.33%\">\n<figure class=\"wp-block-image size-large\"><img data-recalc-dims=\"1\" loading=\"lazy\" decoding=\"async\" width=\"1024\" height=\"850\" src=\"https:\/\/i0.wp.com\/fhservitec.com.br\/Site\/wp-content\/uploads\/2020\/02\/WhatsApp-Image-2020-02-07-at-16.55.23-1.jpeg?resize=1024%2C850&#038;ssl=1\" alt=\"\" class=\"wp-image-626\" srcset=\"https:\/\/i0.wp.com\/fhservitec.com.br\/Site\/wp-content\/uploads\/2020\/02\/WhatsApp-Image-2020-02-07-at-16.55.23-1.jpeg?resize=1024%2C850&amp;ssl=1 1024w, https:\/\/i0.wp.com\/fhservitec.com.br\/Site\/wp-content\/uploads\/2020\/02\/WhatsApp-Image-2020-02-07-at-16.55.23-1.jpeg?resize=300%2C249&amp;ssl=1 300w, https:\/\/i0.wp.com\/fhservitec.com.br\/Site\/wp-content\/uploads\/2020\/02\/WhatsApp-Image-2020-02-07-at-16.55.23-1.jpeg?resize=768%2C638&amp;ssl=1 768w, https:\/\/i0.wp.com\/fhservitec.com.br\/Site\/wp-content\/uploads\/2020\/02\/WhatsApp-Image-2020-02-07-at-16.55.23-1.jpeg?resize=600%2C498&amp;ssl=1 600w, https:\/\/i0.wp.com\/fhservitec.com.br\/Site\/wp-content\/uploads\/2020\/02\/WhatsApp-Image-2020-02-07-at-16.55.23-1.jpeg?w=1280&amp;ssl=1 1280w\" sizes=\"auto, (max-width: 1024px) 100vw, 1024px\" \/><\/figure>\n<\/div>\n\n\n\n<div class=\"wp-block-column is-layout-flow wp-block-column-is-layout-flow\" style=\"flex-basis:66.66%\">\n<h2 class=\"wp-block-heading\">O PRIMEIRO PASSO PARA  GANHAR DINHEIRO \u00c9 POUPAR<\/h2>\n<\/div>\n<\/div>\n\n\n\n<h3 class=\"wp-block-heading\">Reduza seus gastos com funcion\u00e1rios* e aumente a   efici\u00eancia do processo, sem perder os prazos.  Conte com uma equipe especializada e experiente,   <strong>atuando em mais de 200 empresas em Minas Gerais<\/strong>!<\/h3>\n\n\n\n<p><\/p>\n\n\n\n<div class=\"wp-block-themeisle-blocks-advanced-columns has-2-columns has-desktop-equal-layout has-tablet-equal-layout has-mobile-collapsedRows-layout has-default-gap has-vertical-unset\" id=\"wp-block-themeisle-blocks-advanced-columns-d0a8876d\"><div class=\"wp-block-themeisle-blocks-advanced-columns-overlay\"><\/div><div class=\"innerblocks-wrap\">\n<div class=\"wp-block-themeisle-blocks-advanced-column\" id=\"wp-block-themeisle-blocks-advanced-column-3e17fdbd\">\n<h2 class=\"wp-block-heading\">PACOTE 01<\/h2>\n\n\n\n<p>ETIQUETAS SEM DOR DE CABE\u00c7A !<\/p>\n\n\n\n<ul class=\"wp-block-list\"><li>Consultoria  com equipe especializada formada por Engenheiros e T\u00e9cnicos;<\/li><li> Suporte para sanar as d\u00favidas pelo WhatsApp e telefone durante hor\u00e1rio comercial**;<\/li><li> Suporte e emiss\u00e3o de notas de entrada de ve\u00edculo e notas de sa\u00edda;<\/li><li> Cadastro do ve\u00edculo no sistema de rastreabilidade do Detran para pedido das etiquetas;<\/li><li> Solicita\u00e7\u00e3o das etiquetas no sistema do Detran para a emissora da sua prefer\u00eancia com acompanhamento do processo at\u00e9 o recebimento; <\/li><li> Treinamento para colagem das etiquetas in loco, com t\u00e9cnico especializado;<\/li><li> Entrada das pe\u00e7as no sistema de gerenciamento;<\/li><\/ul>\n\n\n\n<div class=\"wp-block-columns is-layout-flex wp-container-core-columns-is-layout-9d6595d7 wp-block-columns-is-layout-flex\">\n<div class=\"wp-block-column is-layout-flow wp-block-column-is-layout-flow\" style=\"flex-basis:25%\"><\/div>\n\n\n\n<div class=\"wp-block-column is-layout-flow wp-block-column-is-layout-flow\" style=\"flex-basis:50%\"><\/div>\n\n\n\n<div class=\"wp-block-column is-layout-flow wp-block-column-is-layout-flow\" style=\"flex-basis:25%\"><\/div>\n<\/div>\n<\/div>\n\n\n\n<div class=\"wp-block-themeisle-blocks-advanced-column\" id=\"wp-block-themeisle-blocks-advanced-column-65add8ac\">\n<h2 class=\"wp-block-heading\">PACOTE 02<\/h2>\n\n\n\n<p>ETIQUETAS E LAUDOS  SEM DOR DE CABE\u00c7A <\/p>\n\n\n\n<ul class=\"wp-block-list\"><li>ART Mec\u00e2nica (Anota\u00e7\u00e3o de Responsabilidade T\u00e9cnica) com validade de 12 meses (taxa inclusa);<\/li><li> Vistoria dos ve\u00edculos para elabora\u00e7\u00e3o do laudo com equipe especializada<strong>***; <\/strong>Emiss\u00e3o de laudo t\u00e9cnico vinculado \u00e0 ART; Classifica\u00e7\u00e3o das pe\u00e7as no sistema do DETRAN MG. <\/li><li>Consultoria  com equipe especializada formada por Engenheiros e T\u00e9cnicos; Suporte para sanar as d\u00favidas pelo WhatsApp e telefone durante hor\u00e1rio comercial**;<\/li><li> Cadastro do ve\u00edculo no sistema de rastreabilidade do Detran para pedido das etiquetas;<\/li><li> Solicita\u00e7\u00e3o das etiquetas no sistema do Detran para a emissora da sua prefer\u00eancia com acompanhamento do processo at\u00e9 o recebimento; <\/li><li> Treinamento para colagem das etiquetas in loco, com t\u00e9cnico especializado;<\/li><li> Entrada das pe\u00e7as no sistema de gerenciamento;<\/li><\/ul>\n\n\n\n<div class=\"wp-block-columns is-layout-flex wp-container-core-columns-is-layout-9d6595d7 wp-block-columns-is-layout-flex\">\n<div class=\"wp-block-column is-layout-flow wp-block-column-is-layout-flow\" style=\"flex-basis:25%\"><\/div>\n\n\n\n<div class=\"wp-block-column is-layout-flow wp-block-column-is-layout-flow\" style=\"flex-basis:50%\"><\/div>\n\n\n\n<div class=\"wp-block-column is-layout-flow wp-block-column-is-layout-flow\" style=\"flex-basis:25%\"><\/div>\n<\/div>\n<\/div>\n<\/div><\/div>\n\n\n\n<p class=\"has-text-align-center has-large-font-size\"><strong><mark style=\"background-color:rgba(0, 0, 0, 0)\" class=\"has-inline-color has-luminous-vivid-orange-color\">ENTRE EM CONTATO E SOLICITE UM OR\u00c7AMENTO! (31) 2552-2282 ou vistoria@fhservitec.com.br<\/mark><\/strong><\/p>\n\n\n\n<p>*Sem despesas com sal\u00e1rios, benef\u00edcios, FGTS, INSS, 13\u00b0 sal\u00e1rio e f\u00e9rias.<br> **Com equipe FH Servi\u00e7os T\u00e9cnicos, de segunda a sexta, das 8h \u00e0s 18h.  <br>***As visitas devem ser agendadas por telefone, e-mail, <br>  WhatsApp ou site com anteced\u00eancia e s\u00e3o sujeitas \u00e0 disponibilidade da equipe para a regi\u00e3o. <br><\/p>\n","protected":false},"excerpt":{"rendered":"<p>O PRIMEIRO PASSO PARA GANHAR DINHEIRO \u00c9 POUPAR Reduza seus gastos com funcion\u00e1rios* e aumente a efici\u00eancia do processo, sem perder os prazos. Conte com uma equipe especializada e experiente, atuando em mais de 200 empresas em Minas Gerais! ENTRE EM CONTATO E SOLICITE UM OR\u00c7AMENTO! (31) 2552-2282 ou vistoria@fhservitec.com.br *Sem despesas com sal\u00e1rios, benef\u00edcios,&hellip; <br \/> <a class=\"read-more\" href=\"https:\/\/fhservitec.com.br\/Site\/pacotes-de-servicos-para-desmontes\/\">Leia mais<\/a><\/p>\n","protected":false},"author":1,"featured_media":0,"parent":0,"menu_order":0,"comment_status":"closed","ping_status":"closed","template":"","meta":{"jetpack_post_was_ever_published":false,"footnotes":""},"class_list":["post-618","page","type-page","status-publish","hentry"],"jetpack_sharing_enabled":true,"jetpack_shortlink":"https:\/\/wp.me\/PaUeSc-9Y","_links":{"self":[{"href":"https:\/\/fhservitec.com.br\/Site\/wp-json\/wp\/v2\/pages\/618","targetHints":{"allow":["GET"]}}],"collection":[{"href":"https:\/\/fhservitec.com.br\/Site\/wp-json\/wp\/v2\/pages"}],"about":[{"href":"https:\/\/fhservitec.com.br\/Site\/wp-json\/wp\/v2\/types\/page"}],"author":[{"embeddable":true,"href":"https:\/\/fhservitec.com.br\/Site\/wp-json\/wp\/v2\/users\/1"}],"replies":[{"embeddable":true,"href":"https:\/\/fhservitec.com.br\/Site\/wp-json\/wp\/v2\/comments?post=618"}],"version-history":[{"count":7,"href":"https:\/\/fhservitec.com.br\/Site\/wp-json\/wp\/v2\/pages\/618\/revisions"}],"predecessor-version":[{"id":891,"href":"https:\/\/fhservitec.com.br\/Site\/wp-json\/wp\/v2\/pages\/618\/revisions\/891"}],"wp:attachment":[{"href":"https:\/\/fhservitec.com.br\/Site\/wp-json\/wp\/v2\/media?parent=618"}],"curies":[{"name":"wp","href":"https:\/\/api.w.org\/{rel}","templated":true}]}}