{"id":87,"date":"2019-01-21T13:24:30","date_gmt":"2019-01-21T15:24:30","guid":{"rendered":"http:\/\/fhservitec.com.br\/Site\/?page_id=87"},"modified":"2021-07-28T10:29:26","modified_gmt":"2021-07-28T13:29:26","slug":"mesmerize","status":"publish","type":"page","link":"https:\/\/fhservitec.com.br\/Site\/","title":{"rendered":"Front Page"},"content":{"rendered":"<div  id=\"overlappable-4\" style=\"background-color: #ffffff;\" data-label=\"Overlappable\" data-id=\"overlappable-4\" data-export-id=\"overlappable-4\" data-category=\"overlappable\" class=\"overlappable-4 content-section content-section-spacing\" data-overlap=\"true\"><div  class=\"gridContainer\"> <div  data-type=\"row\" class=\"row spaced-cols text-center\"><div  class=\"col-xs-12 col-sm-4 col-padding\"> <a  data-cp-link=\"1\" href=\"#\"><i  class=\"fa icon shadow-large-black aligncenter color1 fa-calendar-check-o bordered round large\"><\/i><\/a> <div  data-type=\"column\" class=\"\"> <h5  class=\"\">ACERTIVIDADE<\/h5> <p  class=\"\">Consultoria para lhe ajudar com a melhor solu\u00e7\u00e3o<\/p><\/div> <\/div> <div  class=\"col-xs-12 col-sm-4 col-padding\"> <a data-cp-link=\"1\" href=\"https:\/\/fhservitec.com.br\/Site\/servicos-e-projetos\" target=\"_self\" rel=\"noopener noreferrer\"><i  class=\"fa icon shadow-large-black aligncenter color1 fa-cogs bordered round large\"><\/i><\/a> <div  data-type=\"column\" class=\"\"><h5  class=\"\">VARIEDADE DE SERVI\u00c7OS<\/h5> <p  class=\"\">Atendemos sua necessidade de projetos, execu\u00e7\u00e3o e acompanhamento de obra ou processo.<\/p><\/div> <\/div> <div  class=\"col-xs-12 col-sm-4 col-padding\"> <a data-cp-link=\"1\" href=\"https:\/\/fhservitec.com.br\/Site\/equipe\" target=\"_self\" rel=\"noopener noreferrer\"><i  class=\"fa icon shadow-large-black aligncenter color1 fa-address-card bordered round large\"><\/i><\/a> <div  data-type=\"column\" class=\"\"><h5  class=\"\">EQUIPE TREINADA<\/h5> <p  class=\"\">Equipe especializada e multidisciplinar<\/p><\/div> <\/div><\/div> <\/div><\/div><div  id=\"projetos\" style=\"background-color: #ffffff;\" data-label=\"projetos\" data-id=\"features-12-card-bordered\" data-export-id=\"features-12-card-bordered\" data-category=\"features\" class=\"features-12-card-bordered content-section content-section-spacing \"><div  class=\"gridContainer\"> <div  class=\"row text-center\"><div  class=\"section-title-col\" data-type=\"column\"> <h2  class=\"\">PROJETOS E SERVI\u00c7OS<\/h2> <\/div> <\/div> <div  class=\"row spaced-cols\" data-type=\"row\">  <div  class=\"col-sm-6\"> <div  class=\"card row-card bordered y-move\"> <div  class=\"row\"> <div  class=\"col-sm-fit icon-column\"> <a data-cp-link=\"1\" href=\"https:\/\/fhservitec.com.br\/Site\/projetosprediais\" target=\"_self\" rel=\"noopener noreferrer\"><i  class=\"fa icon color2 fa-building bordered round\"><\/i><\/a> <\/div> <div  class=\"col-sm\" data-type=\"column\"> <h5  class=\"color2\">PROJETOS PREDIAIS<\/h5> <\/div> <\/div><\/div> <\/div> <div  class=\"col-sm-6\"> <div  class=\"card row-card bordered y-move\"> <div  class=\"row\"> <div  class=\"col-sm-fit icon-column\"> <a data-cp-link=\"1\" href=\"https:\/\/fhservitec.com.br\/Site\/meioambiente\" target=\"_self\" rel=\"noopener noreferrer\"><i  class=\"fa icon color2 fa-recycle bordered round\"><\/i><\/a> <\/div> <div  class=\"col-sm\" data-type=\"column\"> <h5  class=\"color2\">SA\u00daDE E MEIO AMBIENTE<\/h5> <\/div> <\/div><\/div> <\/div> <div  class=\"col-sm-6\"> <div  class=\"card row-card bordered y-move\"> <div  class=\"row\"> <div  class=\"col-sm-fit icon-column\"> <a data-cp-link=\"1\" href=\"https:\/\/fhservitec.com.br\/Site\/segurancadotrabalho\" target=\"_self\" rel=\"noopener noreferrer\"><i  class=\"fa icon color2 fa-exclamation-triangle bordered round\"><\/i><\/a> <\/div> <div  class=\"col-sm\" data-type=\"column\"> <h5  class=\"color2\">PER\u00cdCIA E SEGURAN\u00c7A DO TRABALHO<\/h5> <\/div> <\/div><\/div> <\/div><div  class=\"col-sm-6\"> <div  class=\"card row-card bordered y-move\"> <div  class=\"row\"> <div  class=\"col-sm-fit icon-column\"> <a data-cp-link=\"1\" href=\"https:\/\/fhservitec.com.br\/Site\/industria\" target=\"_self\" rel=\"noopener noreferrer\"><i  class=\"fa icon color2 fa-industry bordered round\"><\/i><\/a> <\/div> <div  class=\"col-sm\" data-type=\"column\"> <h5  class=\"color2\">IND\u00daSTRIAS<\/h5> <\/div> <\/div><\/div> <\/div><div  class=\"col-sm-6\"> <div  class=\"card row-card bordered y-move\"> <div  class=\"row\"> <div  class=\"col-sm-fit icon-column\"> <a data-cp-link=\"1\" href=\"#veiculos\" target=\"_self\" rel=\"noopener noreferrer\"><i  class=\"fa icon color2 fa-automobile bordered round\"><\/i><\/a> <\/div> <div  class=\"col-sm\" data-type=\"column\"> <h5  class=\"color2\">VE\u00cdCULOS E CADASTRO NO DETRAN<\/h5> <\/div> <\/div><\/div> <\/div><div  class=\"col-sm-6\"> <div  class=\"card row-card bordered y-move\"> <div  class=\"row\"> <div  class=\"col-sm-fit icon-column\"> <a data-cp-link=\"1\" href=\"https:\/\/fhservitec.com.br\/Site\/vistorias\" target=\"_self\" rel=\"noopener noreferrer\"><i  class=\"fa icon color2 fa-book bordered round\"><\/i><\/a> <\/div> <div  class=\"col-sm\" data-type=\"column\"> <h5  class=\"color2\">VISTORIAS<\/h5> <\/div> <\/div><\/div> <\/div><\/div> <\/div><\/div><div  id=\"depoimentos\" style=\"background-color: #ffffff;\" data-label=\"depoimentos\" data-id=\"testimonials-5\" data-export-id=\"testimonials-5\" data-category=\"testimonials\" class=\"testimonials-5 content-section content-section-spacing\"><div  class=\"gridContainer\"> <div  class=\"row\"><div  data-type=\"column\" class=\"section-title-col\"> <h2  class=\"\">DEPOIMENTOS DOS NOSSOS CLIENTES<\/h2> <\/div> <\/div> <div  class=\"row spaced-cols content-center-sm\" data-type=\"row\"> <div  class=\"col-sm-4 col-md-6 \"> <div  class=\"card y-move bordered\" data-type=\"column\"> <i  class=\"fa fa-quote-right icon color1 small quotation-icon\"><\/i> <p  class=\"text-center\">\u201cMariana e Handerson gostaria de agradecer a vcs a aten\u00e7\u00e3o a pontualidade do servi\u00e7o prestado, a boa vontade de esclarecer todas as d\u00favidas vcs est\u00e3o sendo uma luz pra n\u00f3s lojistas neste momento dif\u00edcil que estamos vivendo,vcs est\u00e3o de Parab\u00e9ns espero que nossa parceria seja duradoura.\u201d<\/p>  <h6  class=\"\">Ana<\/h6> <p  class=\"small italic\">Universal Pe\u00e7as\n<br >Belo Horizonte\/MG<\/p><\/div> <\/div>  <div  class=\"col-sm-4 col-md-6 \"> <div  class=\"card y-move bordered\" data-type=\"column\"> <i  class=\"fa fa-quote-right icon color1 small quotation-icon\"><\/i> <p  class=\"text-center\">\u201cQuando se re\u00fane uma equipe competente \u00e9 quase certo que os frutos valer\u00e3o a pena ser colhidos. Mas voc\u00eas da FH Servi\u00e7os T\u00e9cnicos superaram todas as expectativas e foram ainda mais longe que o previsto. Obrigado pela aten\u00e7\u00e3o e dedica\u00e7\u00e3o de sempre.\u201d\n<\/p>  <h6  class=\"\">Mateus&nbsp;<\/h6> <p  class=\"small italic\">Mateus Auto Pe\u00e7as \n<br >Carmo de Minas \/ MG<\/p><\/div> <\/div><div  class=\"col-sm-4 col-md-6 \"> <div  class=\"card y-move bordered\" data-type=\"column\"> <i  class=\"fa fa-quote-right icon color1 small quotation-icon\"><\/i> <p  class=\"text-center\">\u201c Nossa casa possui 2 pavimentos, inferior era usado como dep\u00f3sito, possu\u00eda um banheiro pequeno, e dois c\u00f4modos\u2026 Entrei em contato com a Mariana e pedi um projeto de um apto tipo flat\u2026 A quase 400 km de dist\u00e2ncia, somente com fotos e v\u00eddeos, tivemos um resultado maravilhoso\u201d<\/p>  <h6  class=\"\">Eurico Torino<\/h6> <p  class=\"small italic\"><br >Pouso Alto\/MG<\/p><\/div> <\/div><div  class=\"col-sm-4 col-md-6 \"> <div  class=\"card y-move bordered\" data-type=\"column\"> <i  class=\"fa fa-quote-right icon color1 small quotation-icon\"><\/i> <p  class=\"text-center\">\u201cGostaria de agradecer a todos da FH SERVI\u00c7OS T\u00c9CNICOS pelos servi\u00e7os prestados com muita compet\u00eancia a minha empresa e pela aprova\u00e7\u00e3o do credenciamento junto ao DETRAN do desmonte GM PE\u00c7AS . Divin\u00f3polis MG.\u201d<\/p>  <h6  class=\"\">RHOMEING GONTIJO MOUR\u00c3O<\/h6> <p  class=\"small italic\">GM Pe\u00e7as\n<br >Divin\u00f3polis\/MG<\/p><\/div> <\/div><div  class=\"col-sm-4 col-md-6 \"> <div  class=\"card y-move bordered\" data-type=\"column\"> <i  class=\"fa fa-quote-right icon color1 small quotation-icon\"><\/i> <p  class=\"text-center\">\u201cQuero agradecer a FH servi\u00e7os pelos servi\u00e7os prestados a minha empresa estou credenciado ao detran foi muita luta, mas consegui!\u201d<\/p>  <h6  class=\"\">Magaiver<\/h6> <p  class=\"small italic\">Auto Pe\u00e7as Moura&nbsp;<br >Divin\u00f3polis\/MG<\/p><\/div> <\/div><div  class=\"col-sm-4 col-md-6 \"> <div  class=\"card y-move bordered\" data-type=\"column\"> <i  class=\"fa fa-quote-right icon color1 small quotation-icon\"><\/i> <p  class=\"text-center\">\u201cFH Servi\u00e7os t\u00e9cnicos, trabalho prestado com responsabilidade e seriedade! Recomendo.\u201d<\/p>  <h6  class=\"\">Romildo<\/h6> <p  class=\"small italic\">Almeida Dias Pe\u00e7as\n<br >Brumadinho\/MG<\/p><\/div> <\/div><div  class=\"col-sm-4 col-md-6 \"> <div  class=\"card y-move bordered\" data-type=\"column\"> <i  class=\"fa fa-quote-right icon color1 small quotation-icon\"><\/i> <p  class=\"text-center\">\u201cEu Glauber Vasconcelos propriet\u00e1rio da loja UNI\u00c3O PE\u00c7AS USADAS. Venho agradecer a FH SERVI\u00c7OS T\u00c9CNICOS pelo servi\u00e7o prestado em nossa loja para credenciamento ao DETRAN . Super indico voc\u00eas servi\u00e7o 100% s\u00e9rio e correto . Muito obrigado Mariana, Handerson , Daniel e toda equipe de engenheiros. Deus aben\u00e7oe voc\u00eas.\u201d<\/p>  <h6  class=\"\">Glauber Vasconcelos<\/h6> <p  class=\"small italic\">Uni\u00e3o Pe\u00e7as\n<br >Belo Horizonte\/MG<\/p><\/div> <\/div><div  class=\"col-sm-4 col-md-6\"> <div  class=\"card y-move bordered\" data-type=\"column\"> <i  class=\"fa fa-quote-right icon color1 small quotation-icon\"><\/i> <p  class=\"text-center\">\u201cVenho agradecer a equipe da Mariana e Handerson, FH Servi\u00e7os T\u00e9cnicos, pelo excelente trabalho prestado a minha empresa, Stop Car Auto Pe\u00e7as. Com a nova lei do desmonte ficamos totalmente perdidos sem aux\u00edlio; em uma reuni\u00e3o encontrei Handerson, muito atencioso, sempre respondendo minhas perguntas de forma clara; ele veio at\u00e9 minha empresa dando detalhes nas modifica\u00e7\u00f5es com clareza.&nbsp; Fomos notificados pelo DETRAN e tinha pouco prazo para finalizarmos. Mariana sempre me respondendo com total aten\u00e7\u00e3o e isso me deixou mais tranquila em rela\u00e7\u00e3o a finaliza\u00e7\u00e3o do credenciamento. Ela me prometeu uma data e a pr\u00f3pria cumpriu exatamente mesmo o acordado.&nbsp;Bom, queria deixar claro minha satisfa\u00e7\u00e3o a essa empresa t\u00e3o s\u00e9ria!<br >\u201d<\/p>  <h6  class=\"\">Thamires Borges<\/h6> <p  class=\"small italic\">Stop Car&nbsp; Auto Pe\u00e7as<br >Pouso Alegre\/MG<\/p><\/div> <\/div><\/div> <\/div><\/div><div  id=\"portfolio-3\" style=\"background-color: #f5fafd;\" data-label=\"Portfolio\" data-id=\"portfolio-4\" data-export-id=\"portfolio-4\" data-category=\"portfolio\" class=\"portfolio-4 content-section content-section-spacing-top\"><div  class=\"\"> <div  class=\"row text-center\"><div  class=\"section-title-col\" data-type=\"column\"> <h2  class=\"\">Portfolio<\/h2> <p  class=\"lead\">Conhe\u00e7a um pouco dos nossos projetos<\/p><\/div> <\/div> <div  data-type=\"row\" class=\"row\" data-fixed=\"true\"> <div  class=\"col-xs-12 col-sm-3 no-gutter-col\"> <div  class=\"contentswap-effect\" data-hover-fx=\"portfolio-4\"> <div  class=\"initial-image\"> <img decoding=\"async\"  loading=\"lazy\" data-size=\"542x360\" src=\"https:\/\/i1.wp.com\/fhservitec.com.br\/Site\/wp-content\/uploads\/2019\/01\/cropped-05-3.jpg?zoom=1.125&amp;w=3840\" class=\"jetpack-lazy-image jetpack-lazy-image--handled\" data-lazy-loaded=\"1\" width=\"345\" height=\"229\" src-orig=\"https:\/\/i1.wp.com\/fhservitec.com.br\/Site\/wp-content\/uploads\/2019\/01\/cropped-05-3.jpg?w=3840\" scale=\"1.125\"><\/div> <div  class=\"overlay bg-color1\"><\/div> <div  class=\"swap-inner col-xs-12\"> <div  class=\"row full-height-row middle-xs middle-sm\"> <div  class=\"col-xs-12 text-center content-holder\"> <a href=\"https:\/\/fhservitec.com.br\/Site\/wp-content\/uploads\/2019\/01\/cropped-05-3.jpg\" target=\"_blank\" class=\"\" rel=\"noopener noreferrer\"><i  class=\"fa icon portfolio-icon fa-search big\" aria-hidden=\"true\"><\/i><\/a><\/div> <\/div><\/div> <\/div><\/div> <div  class=\"col-xs-12 col-sm-3 no-gutter-col\"><div  class=\"contentswap-effect\" data-hover-fx=\"portfolio-4\"> <div  class=\"initial-image\"> <img decoding=\"async\"  loading=\"lazy\" data-size=\"542x360\" src=\"https:\/\/i0.wp.com\/fhservitec.com.br\/Site\/wp-content\/uploads\/2019\/01\/cropped-WhatsApp-Image-2018-07-21-at-19.39.16-1.jpeg?zoom=1.125&amp;w=3840\" class=\"jetpack-lazy-image jetpack-lazy-image--handled\" data-lazy-loaded=\"1\" width=\"345\" height=\"229\" src-orig=\"https:\/\/i0.wp.com\/fhservitec.com.br\/Site\/wp-content\/uploads\/2019\/01\/cropped-WhatsApp-Image-2018-07-21-at-19.39.16-1.jpeg?w=3840\" scale=\"1.125\"><\/div> <div  class=\"overlay bg-color1\"><\/div> <div  class=\"swap-inner col-xs-12\"> <div  class=\"row full-height-row middle-xs middle-sm\"> <div  class=\"col-xs-12 text-center content-holder\"> <a href=\"https:\/\/fhservitec.com.br\/Site\/wp-content\/uploads\/2019\/01\/cropped-WhatsApp-Image-2018-07-21-at-19.39.16-1.jpeg\" target=\"_blank\" class=\"\" rel=\"noopener noreferrer\"><i  class=\"fa icon portfolio-icon fa-search big\" aria-hidden=\"true\"><\/i><\/a><\/div> <\/div><\/div> <\/div><\/div> <div  class=\"col-xs-12 col-sm-3 no-gutter-col\"><div  class=\"contentswap-effect\" data-hover-fx=\"portfolio-4\"> <div  class=\"initial-image\"> <img decoding=\"async\"  loading=\"lazy\" data-size=\"542x360\" src=\"https:\/\/i2.wp.com\/fhservitec.com.br\/Site\/wp-content\/uploads\/2019\/01\/cropped-2-1.jpg?zoom=1.125&amp;w=3840\" class=\"jetpack-lazy-image jetpack-lazy-image--handled\" data-lazy-loaded=\"1\" width=\"345\" height=\"229\" src-orig=\"https:\/\/i2.wp.com\/fhservitec.com.br\/Site\/wp-content\/uploads\/2019\/01\/cropped-2-1.jpg?w=3840\" scale=\"1.125\"><\/div> <div  class=\"overlay bg-color1\"><\/div> <div  class=\"swap-inner col-xs-12\"> <div  class=\"row full-height-row middle-xs middle-sm\"> <div  class=\"col-xs-12 text-center content-holder\"> <a href=\"https:\/\/fhservitec.com.br\/Site\/wp-content\/uploads\/2019\/01\/cropped-2-1.jpg\" target=\"_blank\" class=\"\" rel=\"noopener noreferrer\"><i  class=\"fa icon portfolio-icon fa-search big\" aria-hidden=\"true\"><\/i><\/a><\/div> <\/div><\/div> <\/div><\/div> <div  class=\"col-xs-12 col-sm-3 no-gutter-col\"><div  class=\"contentswap-effect\" data-hover-fx=\"portfolio-4\"> <div  class=\"initial-image\"> <img decoding=\"async\"  loading=\"lazy\" data-size=\"542x360\" src=\"https:\/\/i0.wp.com\/fhservitec.com.br\/Site\/wp-content\/uploads\/2019\/01\/cropped-Imagem-1.jpg?zoom=1.125&amp;w=3840\" class=\"jetpack-lazy-image jetpack-lazy-image--handled\" data-lazy-loaded=\"1\" width=\"345\" height=\"229\" src-orig=\"https:\/\/i0.wp.com\/fhservitec.com.br\/Site\/wp-content\/uploads\/2019\/01\/cropped-Imagem-1.jpg?w=3840\" scale=\"1.125\"><\/div> <div  class=\"overlay bg-color1\"><\/div> <div  class=\"swap-inner col-xs-12\"> <div  class=\"row full-height-row middle-xs middle-sm\"> <div  class=\"col-xs-12 text-center content-holder\"> <a href=\"https:\/\/fhservitec.com.br\/Site\/wp-content\/uploads\/2019\/01\/cropped-Imagem-1.jpg\" target=\"_blank\" class=\"\" rel=\"noopener noreferrer\"><i  class=\"fa icon portfolio-icon fa-search big\" aria-hidden=\"true\"><\/i><\/a><\/div> <\/div><\/div> <\/div><\/div> <div  class=\"col-xs-12 col-sm-3 no-gutter-col\"><div  class=\"contentswap-effect\" data-hover-fx=\"portfolio-4\"> <div  class=\"initial-image\"> <img decoding=\"async\"  loading=\"lazy\" data-size=\"542x360\" src=\"https:\/\/i1.wp.com\/fhservitec.com.br\/Site\/wp-content\/uploads\/2019\/01\/cropped-06.jpg?zoom=1.125&amp;w=3840\" class=\"jetpack-lazy-image jetpack-lazy-image--handled\" data-lazy-loaded=\"1\" width=\"345\" height=\"229\" src-orig=\"https:\/\/i1.wp.com\/fhservitec.com.br\/Site\/wp-content\/uploads\/2019\/01\/cropped-06.jpg?w=3840\" scale=\"1.125\"><\/div> <div  class=\"overlay bg-color1\"><\/div> <div  class=\"swap-inner col-xs-12\"> <div  class=\"row full-height-row middle-xs middle-sm\"> <div  class=\"col-xs-12 text-center content-holder\"> <a href=\"https:\/\/fhservitec.com.br\/Site\" target=\"_self\" rel=\"noopener noreferrer\"><i  class=\"fa icon portfolio-icon fa-search big\" aria-hidden=\"true\"><\/i><\/a><\/div> <\/div><\/div> <\/div><\/div> <div  class=\"col-xs-12 col-sm-3 no-gutter-col\"><div  class=\"contentswap-effect\" data-hover-fx=\"portfolio-4\"> <div  class=\"initial-image\"> <img decoding=\"async\"  loading=\"lazy\" data-size=\"542x360\" src=\"https:\/\/i0.wp.com\/fhservitec.com.br\/Site\/wp-content\/uploads\/2019\/01\/cropped-Imagem-5.jpg?zoom=1.125&amp;w=3840\" class=\"jetpack-lazy-image jetpack-lazy-image--handled\" data-lazy-loaded=\"1\" width=\"345\" height=\"229\" src-orig=\"https:\/\/i0.wp.com\/fhservitec.com.br\/Site\/wp-content\/uploads\/2019\/01\/cropped-Imagem-5.jpg?w=3840\" scale=\"1.125\"><\/div> <div  class=\"overlay bg-color1\"><\/div> <div  class=\"swap-inner col-xs-12\"> <div  class=\"row full-height-row middle-xs middle-sm\"> <div  class=\"col-xs-12 text-center content-holder\"> <a href=\"https:\/\/fhservitec.com.br\/Site\/wp-content\/uploads\/2019\/01\/cropped-Imagem-5.jpg\" target=\"_blank\" class=\"\" rel=\"noopener noreferrer\"><i  class=\"fa icon portfolio-icon fa-search big\" aria-hidden=\"true\"><\/i><\/a><\/div> <\/div><\/div> <\/div><\/div> <div  class=\"col-xs-12 col-sm-3 no-gutter-col\"><div  class=\"contentswap-effect\" data-hover-fx=\"portfolio-4\"> <div  class=\"initial-image\"> <img decoding=\"async\"  loading=\"lazy\" data-size=\"542x360\" src=\"https:\/\/i1.wp.com\/fhservitec.com.br\/Site\/wp-content\/uploads\/2019\/01\/cropped-Imagem-2.jpg?zoom=1.125&amp;w=3840\" class=\"jetpack-lazy-image jetpack-lazy-image--handled\" data-lazy-loaded=\"1\" width=\"345\" height=\"229\" src-orig=\"https:\/\/i1.wp.com\/fhservitec.com.br\/Site\/wp-content\/uploads\/2019\/01\/cropped-Imagem-2.jpg?w=3840\" scale=\"1.125\"><\/div> <div  class=\"overlay bg-color1\"><\/div> <div  class=\"swap-inner col-xs-12\"> <div  class=\"row full-height-row middle-xs middle-sm\"> <div  class=\"col-xs-12 text-center content-holder\"> <a href=\"https:\/\/fhservitec.com.br\/Site\/wp-content\/uploads\/2019\/01\/cropped-Imagem-2.jpg\" target=\"_blank\" class=\"\" rel=\"noopener noreferrer\"><i  class=\"fa icon portfolio-icon fa-search big\" aria-hidden=\"true\"><\/i><\/a><\/div> <\/div><\/div> <\/div><\/div> <div  class=\"col-xs-12 col-sm-3 no-gutter-col\"><div  class=\"contentswap-effect\" data-hover-fx=\"portfolio-4\"> <div  class=\"initial-image\"> <img decoding=\"async\"  loading=\"lazy\" data-size=\"542x360\" src=\"https:\/\/i1.wp.com\/fhservitec.com.br\/Site\/wp-content\/uploads\/2019\/01\/cropped-05-1-1.jpg?zoom=1.125&amp;w=3840\" class=\"jetpack-lazy-image jetpack-lazy-image--handled\" data-lazy-loaded=\"1\" width=\"345\" height=\"229\" src-orig=\"https:\/\/i1.wp.com\/fhservitec.com.br\/Site\/wp-content\/uploads\/2019\/01\/cropped-05-1-1.jpg?w=3840\" scale=\"1.125\"><\/div> <div  class=\"overlay bg-color1\"><\/div> <div  class=\"swap-inner col-xs-12\"> <div  class=\"row full-height-row middle-xs middle-sm\"> <div  class=\"col-xs-12 text-center content-holder\"> <a href=\"https:\/\/fhservitec.com.br\/Site\/wp-content\/uploads\/2019\/01\/cropped-05-1-1.jpg\" target=\"_blank\" class=\"\" rel=\"noopener noreferrer\"><i  class=\"fa icon portfolio-icon fa-search big\" aria-hidden=\"true\"><\/i><\/a><\/div> <\/div><\/div> <\/div><\/div> <\/div><\/div> <\/div>","protected":false},"excerpt":{"rendered":"<p>ACERTIVIDADE Consultoria para lhe ajudar com a melhor solu\u00e7\u00e3o VARIEDADE DE SERVI\u00c7OS Atendemos sua necessidade de projetos, execu\u00e7\u00e3o e acompanhamento de obra ou processo. EQUIPE TREINADA Equipe especializada e multidisciplinar PROJETOS E SERVI\u00c7OS PROJETOS PREDIAIS SA\u00daDE E MEIO AMBIENTE PER\u00cdCIA E SEGURAN\u00c7A DO TRABALHO IND\u00daSTRIAS VE\u00cdCULOS E CADASTRO NO DETRAN VISTORIAS DEPOIMENTOS DOS NOSSOS CLIENTES&hellip; <br \/> <a class=\"read-more\" href=\"https:\/\/fhservitec.com.br\/Site\/\">Leia mais<\/a><\/p>\n","protected":false},"author":1,"featured_media":0,"parent":0,"menu_order":0,"comment_status":"closed","ping_status":"closed","template":"page-templates\/homepage.php","meta":{"jetpack_post_was_ever_published":false,"footnotes":""},"class_list":["post-87","page","type-page","status-publish","hentry"],"jetpack_sharing_enabled":true,"jetpack_shortlink":"https:\/\/wp.me\/PaUeSc-1p","_links":{"self":[{"href":"https:\/\/fhservitec.com.br\/Site\/wp-json\/wp\/v2\/pages\/87","targetHints":{"allow":["GET"]}}],"collection":[{"href":"https:\/\/fhservitec.com.br\/Site\/wp-json\/wp\/v2\/pages"}],"about":[{"href":"https:\/\/fhservitec.com.br\/Site\/wp-json\/wp\/v2\/types\/page"}],"author":[{"embeddable":true,"href":"https:\/\/fhservitec.com.br\/Site\/wp-json\/wp\/v2\/users\/1"}],"replies":[{"embeddable":true,"href":"https:\/\/fhservitec.com.br\/Site\/wp-json\/wp\/v2\/comments?post=87"}],"version-history":[{"count":44,"href":"https:\/\/fhservitec.com.br\/Site\/wp-json\/wp\/v2\/pages\/87\/revisions"}],"predecessor-version":[{"id":849,"href":"https:\/\/fhservitec.com.br\/Site\/wp-json\/wp\/v2\/pages\/87\/revisions\/849"}],"wp:attachment":[{"href":"https:\/\/fhservitec.com.br\/Site\/wp-json\/wp\/v2\/media?parent=87"}],"curies":[{"name":"wp","href":"https:\/\/api.w.org\/{rel}","templated":true}]}}